{"id":10,"date":"2023-08-07T10:21:03","date_gmt":"2023-08-07T08:21:03","guid":{"rendered":"https:\/\/www.sumavskyfotograf.cz\/?page_id=10"},"modified":"2023-08-07T12:09:20","modified_gmt":"2023-08-07T10:09:20","slug":"contact","status":"publish","type":"page","link":"https:\/\/www.sumavskyfotograf.cz\/index.php\/contact\/","title":{"rendered":"Kontakt"},"content":{"rendered":"\n<div class=\"wp-block-cover alignfull\" style=\"min-height:600px;aspect-ratio:unset;\"><span aria-hidden=\"true\" class=\"wp-block-cover__background has-nv-dark-bg-background-color has-background-dim-100 has-background-dim\"><\/span><div class=\"wp-block-cover__inner-container is-layout-flow wp-block-cover-is-layout-flow\">\n<div class=\"wp-block-group\"><div class=\"wp-block-group__inner-container is-layout-flow wp-block-group-is-layout-flow\">\n<div class=\"wp-block-cover alignfull\" style=\"min-height:689px;aspect-ratio:unset;\"><span aria-hidden=\"true\" class=\"wp-block-cover__background has-nv-dark-bg-background-color has-background-dim-100 has-background-dim\"><\/span><div class=\"wp-block-cover__inner-container is-layout-flow wp-block-cover-is-layout-flow\">\n<div class=\"wp-block-group\"><div class=\"wp-block-group__inner-container is-layout-flow wp-block-group-is-layout-flow\">\n<div class=\"wp-block-columns are-vertically-aligned-center is-layout-flex wp-container-core-columns-is-layout-9d6595d7 wp-block-columns-is-layout-flex\">\n<div class=\"wp-block-column is-vertically-aligned-center is-layout-flow wp-block-column-is-layout-flow\" style=\"flex-basis:50%\"><div class=\"wp-block-image\">\n<figure class=\"aligncenter size-large is-resized\"><img loading=\"lazy\" decoding=\"async\" src=\"https:\/\/www.sumavskyfotograf.cz\/wp-content\/uploads\/2023\/08\/11884088-10204434897262406-4778736791445831955-o-1024x1024.jpg\" alt=\"\" class=\"wp-image-53\" width=\"310\" height=\"310\" srcset=\"https:\/\/www.sumavskyfotograf.cz\/wp-content\/uploads\/2023\/08\/11884088-10204434897262406-4778736791445831955-o-1024x1024.jpg 1024w, https:\/\/www.sumavskyfotograf.cz\/wp-content\/uploads\/2023\/08\/11884088-10204434897262406-4778736791445831955-o-300x300.jpg 300w, https:\/\/www.sumavskyfotograf.cz\/wp-content\/uploads\/2023\/08\/11884088-10204434897262406-4778736791445831955-o-150x150.jpg 150w, https:\/\/www.sumavskyfotograf.cz\/wp-content\/uploads\/2023\/08\/11884088-10204434897262406-4778736791445831955-o-768x768.jpg 768w, https:\/\/www.sumavskyfotograf.cz\/wp-content\/uploads\/2023\/08\/11884088-10204434897262406-4778736791445831955-o.jpg 1266w\" sizes=\"auto, (max-width: 310px) 100vw, 310px\" \/><\/figure>\n<\/div><\/div>\n\n\n\n<div class=\"wp-block-column is-vertically-aligned-center is-layout-flow wp-block-column-is-layout-flow\" style=\"flex-basis:50%\">\n<div style=\"height:40px\" aria-hidden=\"true\" class=\"wp-block-spacer\"><\/div>\n\n\n\n<h2 class=\"wp-block-heading has-text-align-left has-nv-text-dark-bg-color has-text-color has-large-font-size\">Marek Nov\u00e1k &#8211; \u0160umavsk\u00fd fotograf<\/h2>\n\n\n\n<p>Nab\u00edz\u00edm fotografov\u00e1n\u00ed svateb, firemn\u00edch a kulturn\u00edch akc\u00ed, report\u00e1\u017e\u00ed, portr\u00e9t\u016f&nbsp;\u010di r\u016fzn\u00fdch podklad\u016f pro webov\u00e9 str\u00e1nky. Rychle a kvalitn\u011b. Z\u00e1rove\u0148 spolupracuji s projektem&nbsp;\u010clov\u011bk a v\u00edra, kter\u00fd se sna\u017e\u00ed zachytit duchovn\u00ed zku\u0161enost skrze fotografii.&nbsp;<\/p>\n\n\n\n<p>Telefon:&nbsp;<a href=\"tel:732314620\"><strong>732 314 620<\/strong><\/a><br>E-mail:&nbsp;<a href=\"mailto:info@sumavskyfotograf.cz\"><strong>info@sumavskyfotograf.cz<\/strong><\/a><\/p>\n\n\n\n<div class=\"wp-block-buttons is-content-justification-left is-layout-flex wp-container-core-buttons-is-layout-fdcfc74e wp-block-buttons-is-layout-flex\"><\/div>\n<\/div>\n<\/div>\n\n\n\n<div style=\"height:40px\" aria-hidden=\"true\" class=\"wp-block-spacer\"><\/div>\n<\/div><\/div>\n<\/div><\/div>\n\n\n\n<div style=\"height:40px\" aria-hidden=\"true\" class=\"wp-block-spacer\"><\/div>\n<\/div><\/div>\n<\/div><\/div>\n","protected":false},"excerpt":{"rendered":"","protected":false},"author":1,"featured_media":0,"parent":0,"menu_order":0,"comment_status":"closed","ping_status":"closed","template":"","meta":{"neve_meta_sidebar":"","neve_meta_container":"","neve_meta_enable_content_width":"on","neve_meta_content_width":100,"neve_meta_title_alignment":"","neve_meta_author_avatar":"","neve_post_elements_order":"","neve_meta_disable_header":"","neve_meta_disable_footer":"","neve_meta_disable_title":"on","footnotes":""},"class_list":["post-10","page","type-page","status-publish","hentry"],"_links":{"self":[{"href":"https:\/\/www.sumavskyfotograf.cz\/index.php\/wp-json\/wp\/v2\/pages\/10","targetHints":{"allow":["GET"]}}],"collection":[{"href":"https:\/\/www.sumavskyfotograf.cz\/index.php\/wp-json\/wp\/v2\/pages"}],"about":[{"href":"https:\/\/www.sumavskyfotograf.cz\/index.php\/wp-json\/wp\/v2\/types\/page"}],"author":[{"embeddable":true,"href":"https:\/\/www.sumavskyfotograf.cz\/index.php\/wp-json\/wp\/v2\/users\/1"}],"replies":[{"embeddable":true,"href":"https:\/\/www.sumavskyfotograf.cz\/index.php\/wp-json\/wp\/v2\/comments?post=10"}],"version-history":[{"count":3,"href":"https:\/\/www.sumavskyfotograf.cz\/index.php\/wp-json\/wp\/v2\/pages\/10\/revisions"}],"predecessor-version":[{"id":76,"href":"https:\/\/www.sumavskyfotograf.cz\/index.php\/wp-json\/wp\/v2\/pages\/10\/revisions\/76"}],"wp:attachment":[{"href":"https:\/\/www.sumavskyfotograf.cz\/index.php\/wp-json\/wp\/v2\/media?parent=10"}],"curies":[{"name":"wp","href":"https:\/\/api.w.org\/{rel}","templated":true}]}}